{"id":299,"date":"2017-02-09T11:23:07","date_gmt":"2017-02-09T11:23:07","guid":{"rendered":"http:\/\/www.metrohotel.se\/stockholm\/stockholm-sightseeings\/"},"modified":"2017-02-16T06:48:38","modified_gmt":"2017-02-16T06:48:38","slug":"sightseeing","status":"publish","type":"page","link":"https:\/\/www.metrohotel.se\/sv\/stockholm\/sightseeing\/","title":{"rendered":"Att g\u00f6ra"},"content":{"rendered":"<h2>Gamla stan<\/h2>\n<p><a title=\"Gamla Stan\" href=\"http:\/\/www.stockholmgamlastan.se\/index.php\" target=\"_blank\">Gamla Stan<\/a> \u00e4r en av Europas st\u00f6rsta och b\u00e4st bevarade medeltida stadsk\u00e4rnor och en av Stockholms fr\u00e4msta attraktioner. Det var h\u00e4r som Stockholm grundades \u00e5r 1252.<\/p>\n<h2>Kungliga slottet<\/h2>\n<p><a title=\"Kungliga slottet\" href=\"http:\/\/www.kungahuset.se\/2.1c3432a100d8991c5b80001816.html\" target=\"_blank\">Kungliga slottet<\/a> \u00e4r ett av Europas st\u00f6rsta slott! Kungliga slottet \u00e4r H.M. Konungens officiella residens med \u00f6ver 600 rum<\/p>\n<h2>Vasamuseet<\/h2>\n<p><a title=\"Vasamuseet\" href=\"http:\/\/www.vasamuseet.se\/\" target=\"_blank\">Vasa<\/a> \u00e4r v\u00e4rldens enda bevarade 1600-talsskepp och en unik konstskatt. Skeppet best\u00e5r till mer \u00e4n 95% av originaldelar och \u00e4r prytt med hundratals snidade skulpturer.<\/p>\n<h2>Skansen<\/h2>\n<p><a title=\"Skansen\" href=\"http:\/\/www.skansen.se\/\" target=\"_blank\">Skansen<\/a> \u00e4r v\u00e4rldens \u00e4ldsta friluftsmusem och Stockholms djurpark, vackert bel\u00e4get p\u00e5 Kungliga Djurg\u00e5rden med utsikt \u00f6ver hela Stockholm.<\/p>\n<h2>Fotografiska<\/h2>\n<p><a title=\"Fotografiska\" href=\"http:\/\/fotografiska.eu\/\" target=\"_blank\">Fotografiska<\/a> \u00e4r en av v\u00e4rldens st\u00f6rsta samlingsplatser f\u00f6r modernt fotografi. Fotografiska presenterar fyra unika huvudutst\u00e4llningar och cirka 20 mindre utst\u00e4llningar \u00e5rligen.<\/p>\n<h2>Stadshuset<\/h2>\n<p><a title=\"Stadshuset\" href=\"http:\/\/international.stockholm.se\/Tourism-and-history\/The-Famous-City-Hall\/\" target=\"_blank\">Stockholms Stadshus<\/a> med tornspirans gyllene Tre Kronor \u00e4r en av Stockholms mest k\u00e4nda silhuetter. G\u00e5 p\u00e5 en <a href=\"http:\/\/www.stromma.se\/sv\/Stockholm\/\" target=\"_blank\">guidad tur<\/a> och l\u00e4r dig all tom arkitekturen, konsten och de historiska h\u00e4ndelser som utspelats h\u00e4r.<\/p>\n<h2>Moderna Museet<\/h2>\n<p>Upplev en av Europas fr\u00e4msta samlingar av konst fr\u00e5n 1900-talet fram till idag; med verk av bl.a. Picasso, Dali, Derkert och Matisse.\u00a0 <a href=\"http:\/\/www.modernamuseet.se\/sv\/Stockholm\/\" target=\"_blank\">Moderna Museet<\/a><\/p>\n<h2>Nationalmuseum<\/h2>\n<p><a href=\"http:\/\/www.nationalmuseum.se\/sv\/\" target=\"_blank\">Sveriges ledande konst- och designmuseum<\/a> med samlingar av \u00e4ldre m\u00e5leri och skulptur samt teckningar, grafik, konsthantverk och design fram till idag.<\/p>\n<h2>B\u00e5tsightseeing<\/h2>\n<p>Att se <a href=\"http:\/\/www.stromma.se\/sv\/Stockholm\/Turer\/?Activity=SK%C3%84RG%C3%85RDSUTFLYKTER\" target=\"_blank\">Stockholm fr\u00e5n vattnet<\/a> \u00e4r ett n\u00f6jsamt m\u00e5ste. Lyckligtvis finns det m\u00e5nga olika turer att v\u00e4lja p\u00e5 beroende p\u00e5 intresse.<\/p>\n<h2>Kungliga nationalstadsparken<\/h2>\n<p>V\u00e4rldens f\u00f6rsta <a href=\"http:\/\/www.nationalstadsparken.se\/default.aspx?id=1601\" target=\"_blank\">nationalstadspark<\/a> \u00e4r en gr\u00f6n lunga som l\u00f6per i en \u00f6ver tio kilometer l\u00e5ng b\u00e5ge genom staden.<\/p>\n<p><strong>Alla ovan n\u00e4mnda platser och attraktioner n\u00e5r man enkelt fr\u00e5n Metro Hotel Stockholm med endast en kort T-baneresa.<\/strong><\/p>\n<div class='clearfix'>\n                <p class='booknow-btn'>\n                    <a href='https:\/\/hotelwebsitebooking.com\/metro\/rooms' target='_blank' title='Boka nu'>Boka nu<\/a>\n                <\/p>\n            <\/div>\n    \n","protected":false},"excerpt":{"rendered":"<p>Gamla stan Gamla Stan \u00e4r en av Europas st\u00f6rsta och b\u00e4st bevarade medeltida stadsk\u00e4rnor och en av Stockholms fr\u00e4msta attraktioner. Det var h\u00e4r som Stockholm grundades \u00e5r 1252. Kungliga slottet Kungliga slottet \u00e4r ett av Europas st\u00f6rsta slott! Kungliga slottet \u00e4r H.M. Konungens officiella residens med \u00f6ver 600 rum Vasamuseet Vasa \u00e4r v\u00e4rldens enda bevarade [&hellip;]<\/p>\n","protected":false},"author":8,"featured_media":0,"parent":295,"menu_order":0,"comment_status":"closed","ping_status":"closed","template":"page-has-submenu.php","meta":[],"_links":{"self":[{"href":"https:\/\/www.metrohotel.se\/sv\/wp-json\/wp\/v2\/pages\/299"}],"collection":[{"href":"https:\/\/www.metrohotel.se\/sv\/wp-json\/wp\/v2\/pages"}],"about":[{"href":"https:\/\/www.metrohotel.se\/sv\/wp-json\/wp\/v2\/types\/page"}],"author":[{"embeddable":true,"href":"https:\/\/www.metrohotel.se\/sv\/wp-json\/wp\/v2\/users\/8"}],"replies":[{"embeddable":true,"href":"https:\/\/www.metrohotel.se\/sv\/wp-json\/wp\/v2\/comments?post=299"}],"version-history":[{"count":2,"href":"https:\/\/www.metrohotel.se\/sv\/wp-json\/wp\/v2\/pages\/299\/revisions"}],"predecessor-version":[{"id":341,"href":"https:\/\/www.metrohotel.se\/sv\/wp-json\/wp\/v2\/pages\/299\/revisions\/341"}],"up":[{"embeddable":true,"href":"https:\/\/www.metrohotel.se\/sv\/wp-json\/wp\/v2\/pages\/295"}],"wp:attachment":[{"href":"https:\/\/www.metrohotel.se\/sv\/wp-json\/wp\/v2\/media?parent=299"}],"curies":[{"name":"wp","href":"https:\/\/api.w.org\/{rel}","templated":true}]}}