{"id":297,"date":"2017-02-09T11:26:15","date_gmt":"2017-02-09T11:26:15","guid":{"rendered":"http:\/\/www.metrohotel.se\/stockholm\/stockholm-for-kids\/"},"modified":"2017-02-16T06:47:18","modified_gmt":"2017-02-16T06:47:18","slug":"stockholm-med-barn","status":"publish","type":"page","link":"https:\/\/www.metrohotel.se\/sv\/stockholm\/stockholm-med-barn\/","title":{"rendered":"Stockholm med barn"},"content":{"rendered":"<p>Tr\u00e4ffa livs levande bj\u00f6rnar, \u00e5k s\u00e5 m\u00e5nga varv du orkar i l\u00e4skigaste berg-och-dalbanan, ge dig ut p\u00e5 rymd\u00e4ventyr eller m\u00e4t dina krafter med Pippi L\u00e5ngstrump. Stockholm \u00e4r barnens stad och det finns massor att v\u00e4lja p\u00e5. H\u00e4r \u00e4r n\u00e5gra av de attraktioner och museer som passar s\u00e4rskilt f\u00f6r barnfamiljen<\/p>\n<h2>Djur och natur<\/h2>\n<h3>Skansen<\/h3>\n<p>Klappa djur p\u00e5 Lill-<a title=\"Skansen\" href=\"http:\/\/www.skansen.se\/\" target=\"_blank\">Skansen<\/a>, se bj\u00f6rnar och \u00e4lgar i parken och m\u00f6t ormar, spindlar och apor p\u00e5 Skansenakvariet.<\/p>\n<h3>Aquaria<\/h3>\n<p>H\u00e4r kan du vandra genom en regnskog, st\u00e5 \u00f6ga mot \u00f6ga med livs levande hajar och l\u00e4ra dig mer om fiskarna i \u00d6stersj\u00f6n.<\/p>\n<h3>Fj\u00e4rilshuset<\/h3>\n<p><a href=\"http:\/\/www.fjarilshuset.se\/fjarilshuset\/Forstasidan.html\" target=\"_blank\">Fj\u00e4rilshuset<\/a>. I detta enorma v\u00e4xthus i Hagaparken fladdrar hundratals f\u00e4rgglada fj\u00e4rilar fr\u00e5n hela v\u00e4rlden, fritt bland bes\u00f6karna. H\u00e4r bor ocks\u00e5 ovanliga fiskar, insekter, \u00f6dlor och djungelv\u00e4xter.<\/p>\n<h2>Experiment och teknik<\/h2>\n<h3>Tom Tit<\/h3>\n<p><a title=\"Tom Tit\" href=\"http:\/\/www.tomtit.se\/english\/\">Tom Tit<\/a>. Stor experimentverkstad d\u00e4r b\u00e5de barn och vuxna kan leka och klura i timtal. Ligger i S\u00f6dert\u00e4lje, n\u00e5gra mil s\u00f6der om centrala Stockholm.<\/p>\n<h3>Tekniska museet<\/h3>\n<p><a title=\"Tekniska museet\" href=\"http:\/\/www.tekniskamuseet.se\/1\/start.html\" target=\"_blank\">Tekniska museet<\/a>. I verkstaden Teknorama kan du prova p\u00e5 att vara en astronaut i ett rymd\u00e4ventyr, m\u00e4ta din reaktionsf\u00f6rm\u00e5ga och g\u00f6ra ett eget tv-program. I biografen Cino4 visas film som k\u00e4nns med hela kroppen!<\/p>\n<h2>Lek<\/h2>\n<h3>Junibacken<\/h3>\n<p>Sagomuseum <a href=\"http:\/\/www.junibacken.se\/\" target=\"_blank\">Junibacken<\/a> f\u00f6r barn med mycket lek och spring i benen. H\u00e4r kan man bland annat m\u00f6ta Astrid Lindgrens figurer Pippi, Emil och Karlsson.<\/p>\n<h3>Gr\u00f6na Lund<\/h3>\n<p><a title=\"Gr\u00f6na Lund\" href=\"http:\/\/www.gronalund.com\/\" target=\"_blank\">Gr\u00f6na Lund<\/a>. Den anrika n\u00f6jesparken med massor av hissnande, roliga och l\u00e4skiga \u00e5kturer f\u00f6r alla.<\/p>\n<h2>Museer<\/h2>\n<h3>Vasamuseet<\/h3>\n<p>Se Regalskeppet <a href=\"http:\/\/www.vasamuseet.se\/sv\/\" target=\"_blank\">Vasa<\/a> som sj\u00f6nk f\u00f6r \u00f6ver 300 \u00e5r sedan. Prova en riktig dykarklocka och se hur m\u00e4nniskor levde och vad de \u00e5t.<\/p>\n<h3>Musikmuseet<\/h3>\n<p>Prova p\u00e5 att spela instrument och skapa egna ljud i musikverkstaden Kl\u00e5jnk.<\/p>\n<h3>Livrustkammaren<\/h3>\n<p>Kl\u00e4derna, rustningarna och vapnen som burits av svenska kungligheter f\u00e5r fart p\u00e5 fantasin. De sm\u00e5 kan prova p\u00e5 att bli riddare och prinsessor f\u00f6r en dag.<\/p>\n<div class='clearfix'>\n                <p class='booknow-btn'>\n                    <a href='https:\/\/hotelwebsitebooking.com\/metro\/rooms' target='_blank' title='Boka nu'>Boka nu<\/a>\n                <\/p>\n            <\/div>\n    \n","protected":false},"excerpt":{"rendered":"<p>Tr\u00e4ffa livs levande bj\u00f6rnar, \u00e5k s\u00e5 m\u00e5nga varv du orkar i l\u00e4skigaste berg-och-dalbanan, ge dig ut p\u00e5 rymd\u00e4ventyr eller m\u00e4t dina krafter med Pippi L\u00e5ngstrump. Stockholm \u00e4r barnens stad och det finns massor att v\u00e4lja p\u00e5. H\u00e4r \u00e4r n\u00e5gra av de attraktioner och museer som passar s\u00e4rskilt f\u00f6r barnfamiljen Djur och natur Skansen Klappa djur [&hellip;]<\/p>\n","protected":false},"author":8,"featured_media":0,"parent":295,"menu_order":0,"comment_status":"closed","ping_status":"closed","template":"page-has-submenu.php","meta":[],"_links":{"self":[{"href":"https:\/\/www.metrohotel.se\/sv\/wp-json\/wp\/v2\/pages\/297"}],"collection":[{"href":"https:\/\/www.metrohotel.se\/sv\/wp-json\/wp\/v2\/pages"}],"about":[{"href":"https:\/\/www.metrohotel.se\/sv\/wp-json\/wp\/v2\/types\/page"}],"author":[{"embeddable":true,"href":"https:\/\/www.metrohotel.se\/sv\/wp-json\/wp\/v2\/users\/8"}],"replies":[{"embeddable":true,"href":"https:\/\/www.metrohotel.se\/sv\/wp-json\/wp\/v2\/comments?post=297"}],"version-history":[{"count":2,"href":"https:\/\/www.metrohotel.se\/sv\/wp-json\/wp\/v2\/pages\/297\/revisions"}],"predecessor-version":[{"id":339,"href":"https:\/\/www.metrohotel.se\/sv\/wp-json\/wp\/v2\/pages\/297\/revisions\/339"}],"up":[{"embeddable":true,"href":"https:\/\/www.metrohotel.se\/sv\/wp-json\/wp\/v2\/pages\/295"}],"wp:attachment":[{"href":"https:\/\/www.metrohotel.se\/sv\/wp-json\/wp\/v2\/media?parent=297"}],"curies":[{"name":"wp","href":"https:\/\/api.w.org\/{rel}","templated":true}]}}