{"id":295,"date":"2017-02-06T12:16:26","date_gmt":"2017-02-06T12:16:26","guid":{"rendered":"http:\/\/www.metrohotel.se\/stockholm\/"},"modified":"2017-02-16T06:45:53","modified_gmt":"2017-02-16T06:45:53","slug":"stockholm","status":"publish","type":"page","link":"https:\/\/www.metrohotel.se\/sv\/stockholm\/","title":{"rendered":"Stockholm"},"content":{"rendered":"<p>Stockholm, en av v\u00e4rldens vackraste huvudst\u00e4der, \u00e4r byggd p\u00e5 14 \u00f6ar sammanl\u00e4nkade av 57 broar. De vackra byggnaderna, gr\u00f6nskan, den friska luften och n\u00e4rheten till vattnet \u00e4r k\u00e4nnetecken f\u00f6r staden. Kungliga Nationalstadsparken (v\u00e4rldens f\u00f6rsta nationalstadspark), \u00e4r som en gr\u00f6n lunga st\u00e4ndigt n\u00e4rvarande i storstadsmyllret.<\/p>\n<p>Stockholm med sin 750-\u00e5riga historia och rika kulturliv erbjuder ett stort utbud av museer och sev\u00e4rdheter i v\u00e4rldsklass. Det flesta sev\u00e4rdheterna n\u00e5s till fots och det finns goda m\u00f6jligheter att hinna med att uppleva mycket p\u00e5 kort tid. Upplev storstadsliv, kulturhistoria och natur, allt under loppet av en och samma dag.<\/p>\n<p>Bes\u00f6k Stockholms Stadshus. Kl\u00e4ttra upp i Stadshustornet och f\u00e5 en fantastisk utsikt \u00f6ver Stockholm. Missa inte Stockholms \u00e4ldsta sev\u00e4rdhet, Gamla Stan, en av v\u00e4rldens b\u00e4st bevarade medeltida stadsk\u00e4rnor. Vandra genom sm\u00e5 vindlande gator kantade av butiker fyllda med konsthantverk, antikviteter, konstgallerier och caf\u00e9er. I Gamla Stan ligger ocks\u00e5 Kungliga Slottet och Storkyrkan.<\/p>\n<p>P\u00e5 den gr\u00f6na \u00f6n Djurg\u00e5rden ligger n\u00e5gra av Stockholms popul\u00e4raste attraktioner. Bes\u00f6k det v\u00e4rldsber\u00f6mda regalskeppet Vasa, v\u00e4rldens \u00e4ldsta friluftsmuseum Skansen eller Astrid Lindgrens Junibacken. Missa inte heller att se Stockholm fr\u00e5n vattnet. En stad som \u00e4r byggd p\u00e5 fjorton \u00f6ar erbjuder naturligtvis fantastiska vattenvyer. Det finns en m\u00e4ngd olika sightseeingturer att v\u00e4lja mellan. Och r\u00e4cker inte 14 \u00f6ar s\u00e5 erbjuder Stockholm dessutom en fantastisk sk\u00e4rg\u00e5rd med 30 000 \u00f6ar, kobbar och sk\u00e4r.<\/p>\n<p>L\u00e4s mer om vad som finns att g\u00f6ra i Stockholm.<\/p>\n<div class='clearfix'>\n                <p class='booknow-btn'>\n                    <a href='https:\/\/hotelwebsitebooking.com\/metro\/rooms' target='_blank' title='Boka nu'>Boka nu<\/a>\n                <\/p>\n            <\/div>\n    \n","protected":false},"excerpt":{"rendered":"<p>Stockholm, en av v\u00e4rldens vackraste huvudst\u00e4der, \u00e4r byggd p\u00e5 14 \u00f6ar sammanl\u00e4nkade av 57 broar. De vackra byggnaderna, gr\u00f6nskan, den friska luften och n\u00e4rheten till vattnet \u00e4r k\u00e4nnetecken f\u00f6r staden. Kungliga Nationalstadsparken (v\u00e4rldens f\u00f6rsta nationalstadspark), \u00e4r som en gr\u00f6n lunga st\u00e4ndigt n\u00e4rvarande i storstadsmyllret. Stockholm med sin 750-\u00e5riga historia och rika kulturliv erbjuder ett stort [&hellip;]<\/p>\n","protected":false},"author":9,"featured_media":0,"parent":0,"menu_order":0,"comment_status":"closed","ping_status":"closed","template":"page-has-submenu.php","meta":[],"_links":{"self":[{"href":"https:\/\/www.metrohotel.se\/sv\/wp-json\/wp\/v2\/pages\/295"}],"collection":[{"href":"https:\/\/www.metrohotel.se\/sv\/wp-json\/wp\/v2\/pages"}],"about":[{"href":"https:\/\/www.metrohotel.se\/sv\/wp-json\/wp\/v2\/types\/page"}],"author":[{"embeddable":true,"href":"https:\/\/www.metrohotel.se\/sv\/wp-json\/wp\/v2\/users\/9"}],"replies":[{"embeddable":true,"href":"https:\/\/www.metrohotel.se\/sv\/wp-json\/wp\/v2\/comments?post=295"}],"version-history":[{"count":2,"href":"https:\/\/www.metrohotel.se\/sv\/wp-json\/wp\/v2\/pages\/295\/revisions"}],"predecessor-version":[{"id":337,"href":"https:\/\/www.metrohotel.se\/sv\/wp-json\/wp\/v2\/pages\/295\/revisions\/337"}],"wp:attachment":[{"href":"https:\/\/www.metrohotel.se\/sv\/wp-json\/wp\/v2\/media?parent=295"}],"curies":[{"name":"wp","href":"https:\/\/api.w.org\/{rel}","templated":true}]}}