{"id":260,"date":"2017-02-08T13:04:58","date_gmt":"2017-02-08T13:04:58","guid":{"rendered":"http:\/\/www.metrohotel.se\/kontakt\/location\/"},"modified":"2017-02-10T06:48:29","modified_gmt":"2017-02-10T06:48:29","slug":"hitta","status":"publish","type":"page","link":"https:\/\/www.metrohotel.se\/sv\/kontakt\/hitta\/","title":{"rendered":"Hitta"},"content":{"rendered":"<p>Metro Hotel Stockholm \u00e4r ett prisv\u00e4rt bed and breakfast hotell i Stockholm, endast en kort 5 minuters promenad fr\u00e5n <a title=\"Midsommarkransen\" href=\"http:\/\/maps.google.com\/maps?q=Midsommarkransen+T-bana,+Sverige&amp;hl=en&amp;oq=Midsommarkransen+T-bana&amp;hnear=Midsommarkransen+T-bana&amp;t=m&amp;z=15\" target=\"_blank\">Midsommarkransens<\/a> T-bane station. D\u00e4rifr\u00e5n ligger alla <a title=\"Sightseeing\" href=\"https:\/\/www.metrohotel.se\/sv\/svp-stockholm\/sightseeings\/\" target=\"_blank\">Stockholms utflyktsm\u00e5l<\/a>, restauranger och n\u00f6jen inom bekv\u00e4mt avst\u00e5nd. Centrala Stockholm, med sin shopping runt H\u00f6torget, och Gamla Stan n\u00e5r man p\u00e5 endast 10 minuter.<\/p>\n<p><a href=\"http:\/\/www.stockholmsmassan.se\/\" target=\"_blank\">Stockholmsm\u00e4ssan<\/a>, med b\u00e5de publika m\u00e4ssor och fackm\u00e4ssor, ligger endast 2 km bort, till <a title=\"Arlanda Airport\" href=\"http:\/\/www.swedavia.se\/arlanda\/\" target=\"_blank\">Arlanda flygplats<\/a> \u00e4r det 40 km och till <a title=\"Bromma Airport\" href=\"http:\/\/www.swedavia.se\/bromma\/\" target=\"_blank\">Bromma City flygplats<\/a> endast 10 km.<\/p>\n<p>Hotel Metro i Stockholm p\u00e5 <a title=\"Kontakt\" href=\"https:\/\/www.metrohotel.se\/sv\/kontakt\/\" target=\"_blank\">karta<\/a>.<\/p>\n<h2>\u00c5ka kommunalt till\u00a0Metro Hotel Stockholm:<\/h2>\n<ul>\n<li>T-bana (Midsommarkransen)<\/li>\n<li>Buss (Karusellplan)<\/li>\n<li>Tv\u00e4rbana (Liljeholmen)<\/li>\n<li>Pendelt\u00e5g (\u00c4lvsj\u00f6)<\/li>\n<\/ul>\n<div class='clearfix'>\n                <p class='booknow-btn'>\n                    <a href='http:\/\/#' target='_blank' title='Boka nu'>Boka nu<\/a>\n                <\/p>\n            <\/div>\n    \n<p>&nbsp;<\/p>\n<p>&nbsp;<\/p>\n","protected":false},"excerpt":{"rendered":"<p>Metro Hotel Stockholm \u00e4r ett prisv\u00e4rt bed and breakfast hotell i Stockholm, endast en kort 5 minuters promenad fr\u00e5n Midsommarkransens T-bane station. D\u00e4rifr\u00e5n ligger alla Stockholms utflyktsm\u00e5l, restauranger och n\u00f6jen inom bekv\u00e4mt avst\u00e5nd. Centrala Stockholm, med sin shopping runt H\u00f6torget, och Gamla Stan n\u00e5r man p\u00e5 endast 10 minuter. Stockholmsm\u00e4ssan, med b\u00e5de publika m\u00e4ssor och [&hellip;]<\/p>\n","protected":false},"author":8,"featured_media":0,"parent":256,"menu_order":0,"comment_status":"closed","ping_status":"closed","template":"page-has-submenu.php","meta":[],"_links":{"self":[{"href":"https:\/\/www.metrohotel.se\/sv\/wp-json\/wp\/v2\/pages\/260"}],"collection":[{"href":"https:\/\/www.metrohotel.se\/sv\/wp-json\/wp\/v2\/pages"}],"about":[{"href":"https:\/\/www.metrohotel.se\/sv\/wp-json\/wp\/v2\/types\/page"}],"author":[{"embeddable":true,"href":"https:\/\/www.metrohotel.se\/sv\/wp-json\/wp\/v2\/users\/8"}],"replies":[{"embeddable":true,"href":"https:\/\/www.metrohotel.se\/sv\/wp-json\/wp\/v2\/comments?post=260"}],"version-history":[{"count":1,"href":"https:\/\/www.metrohotel.se\/sv\/wp-json\/wp\/v2\/pages\/260\/revisions"}],"predecessor-version":[{"id":261,"href":"https:\/\/www.metrohotel.se\/sv\/wp-json\/wp\/v2\/pages\/260\/revisions\/261"}],"up":[{"embeddable":true,"href":"https:\/\/www.metrohotel.se\/sv\/wp-json\/wp\/v2\/pages\/256"}],"wp:attachment":[{"href":"https:\/\/www.metrohotel.se\/sv\/wp-json\/wp\/v2\/media?parent=260"}],"curies":[{"name":"wp","href":"https:\/\/api.w.org\/{rel}","templated":true}]}}