{"id":221,"date":"2017-02-06T10:16:30","date_gmt":"2017-02-06T10:16:30","guid":{"rendered":"http:\/\/www.metrohotel.se\/rooms\/"},"modified":"2017-02-16T06:44:03","modified_gmt":"2017-02-16T06:44:03","slug":"rum","status":"publish","type":"page","link":"https:\/\/www.metrohotel.se\/sv\/rum\/","title":{"rendered":"V\u00e5ra rum"},"content":{"rendered":"<p>Vi erbjuder ett antal olika rumstyper f\u00f6r en till fyra personer. V\u00e5ra rum \u00e4r inredda med varma skandinaviska f\u00e4rger.<\/p>\n<h2>Metro Hotel rum har:<\/h2>\n<ul>\n<li>Eget badrum med dusch<\/li>\n<li>Flatscreen TV<\/li>\n<li>Arbetsyta<\/li>\n<\/ul>\n<p>Uppt\u00e4ck v\u00e5ra b\u00e4sta priser och erbjudanden via v\u00e5r bokningsmotor.<\/p>\n<p>Vill \u00e4ven ert husdjur f\u00f6lja med g\u00e5r det bra mot en extra kostnad p\u00e5 150 sek. Kontakta oss innan f\u00f6r att s\u00e4kerst\u00e4lla att vi kan ta emot \u00e4ven ditt husdjur.<\/p>\n<div class='clearfix'>\n                <p class='booknow-btn'>\n                    <a href='https:\/\/hotelwebsitebooking.com\/metro\/rooms' target='_blank' title='Boka nu'>Boka nu<\/a>\n                <\/p>\n            <\/div>\n    \n","protected":false},"excerpt":{"rendered":"<p>Vi erbjuder ett antal olika rumstyper f\u00f6r en till fyra personer. V\u00e5ra rum \u00e4r inredda med varma skandinaviska f\u00e4rger. Metro Hotel rum har: Eget badrum med dusch Flatscreen TV Arbetsyta Uppt\u00e4ck v\u00e5ra b\u00e4sta priser och erbjudanden via v\u00e5r bokningsmotor. Vill \u00e4ven ert husdjur f\u00f6lja med g\u00e5r det bra mot en extra kostnad p\u00e5 150 sek. [&hellip;]<\/p>\n","protected":false},"author":9,"featured_media":0,"parent":0,"menu_order":0,"comment_status":"closed","ping_status":"closed","template":"","meta":[],"_links":{"self":[{"href":"https:\/\/www.metrohotel.se\/sv\/wp-json\/wp\/v2\/pages\/221"}],"collection":[{"href":"https:\/\/www.metrohotel.se\/sv\/wp-json\/wp\/v2\/pages"}],"about":[{"href":"https:\/\/www.metrohotel.se\/sv\/wp-json\/wp\/v2\/types\/page"}],"author":[{"embeddable":true,"href":"https:\/\/www.metrohotel.se\/sv\/wp-json\/wp\/v2\/users\/9"}],"replies":[{"embeddable":true,"href":"https:\/\/www.metrohotel.se\/sv\/wp-json\/wp\/v2\/comments?post=221"}],"version-history":[{"count":5,"href":"https:\/\/www.metrohotel.se\/sv\/wp-json\/wp\/v2\/pages\/221\/revisions"}],"predecessor-version":[{"id":335,"href":"https:\/\/www.metrohotel.se\/sv\/wp-json\/wp\/v2\/pages\/221\/revisions\/335"}],"wp:attachment":[{"href":"https:\/\/www.metrohotel.se\/sv\/wp-json\/wp\/v2\/media?parent=221"}],"curies":[{"name":"wp","href":"https:\/\/api.w.org\/{rel}","templated":true}]}}