{"id":216,"date":"2017-02-06T09:46:06","date_gmt":"2017-02-06T09:46:06","guid":{"rendered":"http:\/\/www.metrohotel.se\/hotel\/"},"modified":"2019-11-04T07:48:20","modified_gmt":"2019-11-04T07:48:20","slug":"hotel-i-stockholm-stockholmsmassan-hotel-for-fruppesan-prisvart-hotel-stockholm","status":"publish","type":"page","link":"https:\/\/www.metrohotel.se\/sv\/hotel-i-stockholm-stockholmsmassan-hotel-for-fruppesan-prisvart-hotel-stockholm\/","title":{"rendered":"Prisv\u00e4rt hotel"},"content":{"rendered":"<p><strong>Metro Hotel i Stockholm<\/strong> \u00e4r ett 3 stj\u00e4rnigt hotell i V\u00e4stberga, strax s\u00f6der om <a title=\"Stockholm\" href=\"http:\/\/www.metrohotel.se\/stockholm\/\">Stockholm<\/a>. N\u00e4rmaste t-bane station \u00e4r Midsommarkransen, endast 5 minuters promenad fr\u00e5n hotellet, och d\u00e4rifr\u00e5n \u00e4r det mindre \u00e4n 10 minuters f\u00e4rd till centrala Stockholm och Gamla Stan. <a title=\"Stockholmsm\u00e4ssan International Exhibition &amp; Congress Centre\" href=\"http:\/\/www.stockholmsmassan.se\/en\" target=\"_blank\" rel=\"noopener noreferrer\">Stockholmsm\u00e4ssan<\/a> ligger endast 2 km bort. Metro Hotel har 66 rum nyrenoverade rum.<\/p>\n<p>Vi kan erbjuda ett antal olika rumstyper; enkel, dubbel, trippel eller familjerum, anpassade till s\u00e5v\u00e4l turister som aff\u00e4rsresande eller f\u00f6r gruppresan. Vi erbjuder ett gratis Wi-Fi och p\u00e5 gatan utanf\u00f6r parkerar man utan kostnad Metro Hotel \u00e4r ett r\u00f6kfritt hotell.<\/p>\n<p>Mindre husdjur \u00e4r v\u00e4lkomna p\u00e5 hotellet om de anm\u00e4ls i f\u00f6rv\u00e4g. Receptionen \u00e4r \u00f6ppen mellan 07 och 22 men incheckning kan ske dygnet runt om sen ankomst meddelas vid bokning.<\/p>\n<p>Varje dag dukar vi upp en komplett och mycket uppskattad frukostbuff\u00e9 i v\u00e5r matsal bredvid lobbyn. Snacks, l\u00e4sk mm finns alltid till salu fr\u00e5n en disk vid receptionen.<\/p>\n<h2>Metro Hotel i Stockholm erbjuder:<\/h2>\n<table style=\"width: 699px; height: 126px;\" border=\"0\">\n<tbody>\n<tr>\n<td>\n<ul>\n<li>Prisv\u00e4rt boende<\/li>\n<li>R\u00f6kfria rum och allm\u00e4na ytor<\/li>\n<li>Familjerum<\/li>\n<li>Frukostbuff\u00e9<\/li>\n<li>Snacks och dricka<\/li>\n<li>Gratis Wi-Fi internet<\/li>\n<\/ul>\n<\/td>\n<td>\n<ul>\n<li>Uteplats p\u00e5 sommaren<\/li>\n<li>Tv\u00e4ttj\u00e4nst<\/li>\n<li>Parkeringsm\u00f6jlighet i n\u00e4ra anslutning,<br \/>\ngratis 19-07 och 17-11\u00a0p\u00e5 helger.<\/li>\n<li>Husdjursv\u00e4nlig policy<\/li>\n<\/ul>\n<\/td>\n<\/tr>\n<\/tbody>\n<\/table>\n<div class='clearfix'>\n                <p class='booknow-btn'>\n                    <a href='https:\/\/hotelwebsitebooking.com\/metro\/rooms' target='_blank' title='Boka nu'>Boka nu<\/a>\n                <\/p>\n            <\/div>\n    \n","protected":false},"excerpt":{"rendered":"<p>Metro Hotel i Stockholm \u00e4r ett 3 stj\u00e4rnigt hotell i V\u00e4stberga, strax s\u00f6der om Stockholm. N\u00e4rmaste t-bane station \u00e4r Midsommarkransen, endast 5 minuters promenad fr\u00e5n hotellet, och d\u00e4rifr\u00e5n \u00e4r det mindre \u00e4n 10 minuters f\u00e4rd till centrala Stockholm och Gamla Stan. Stockholmsm\u00e4ssan ligger endast 2 km bort. Metro Hotel har 66 rum nyrenoverade rum. Vi [&hellip;]<\/p>\n","protected":false},"author":9,"featured_media":0,"parent":0,"menu_order":0,"comment_status":"closed","ping_status":"closed","template":"","meta":[],"_links":{"self":[{"href":"https:\/\/www.metrohotel.se\/sv\/wp-json\/wp\/v2\/pages\/216"}],"collection":[{"href":"https:\/\/www.metrohotel.se\/sv\/wp-json\/wp\/v2\/pages"}],"about":[{"href":"https:\/\/www.metrohotel.se\/sv\/wp-json\/wp\/v2\/types\/page"}],"author":[{"embeddable":true,"href":"https:\/\/www.metrohotel.se\/sv\/wp-json\/wp\/v2\/users\/9"}],"replies":[{"embeddable":true,"href":"https:\/\/www.metrohotel.se\/sv\/wp-json\/wp\/v2\/comments?post=216"}],"version-history":[{"count":8,"href":"https:\/\/www.metrohotel.se\/sv\/wp-json\/wp\/v2\/pages\/216\/revisions"}],"predecessor-version":[{"id":375,"href":"https:\/\/www.metrohotel.se\/sv\/wp-json\/wp\/v2\/pages\/216\/revisions\/375"}],"wp:attachment":[{"href":"https:\/\/www.metrohotel.se\/sv\/wp-json\/wp\/v2\/media?parent=216"}],"curies":[{"name":"wp","href":"https:\/\/api.w.org\/{rel}","templated":true}]}}